{"id":2105,"date":"2021-03-24T07:25:45","date_gmt":"2021-03-24T07:25:45","guid":{"rendered":"http:\/\/localhost\/nuss\/?page_id=235"},"modified":"2024-07-19T19:53:04","modified_gmt":"2024-07-19T17:53:04","slug":"faqs","status":"publish","type":"page","link":"https:\/\/tamarinhotel.com\/faqs\/","title":{"rendered":"Faqs"},"content":{"rendered":"\t\t<div data-elementor-type=\"wp-page\" data-elementor-id=\"2105\" class=\"elementor elementor-2105\">\n\t\t\t\t\t\t\t\t\t<section class=\"elementor-section elementor-top-section elementor-element elementor-element-2a96a73 elementor-section-boxed elementor-section-gap-beside-yes elementor-section-height-default elementor-section-height-default elementor-section-column-vertical-align-stretch\" data-id=\"2a96a73\" data-element_type=\"section\">\n\t\t\t\t\t\t<div class=\"elementor-container elementor-column-gap-extended\">\n\t\t\t\t\t<div class=\"elementor-column elementor-col-100 elementor-top-column elementor-element elementor-element-98ef20c\" data-id=\"98ef20c\" data-element_type=\"column\">\n\t\t\t<div class=\"elementor-widget-wrap elementor-element-populated\">\n\t\t\t\t\t\t\t\t<div class=\"elementor-element elementor-element-97088c0 elementor-widget__width-initial elementor-invisible elementor-widget elementor-widget-text-editor\" data-id=\"97088c0\" data-element_type=\"widget\" data-settings=\"{&quot;_animation&quot;:&quot;nussFadeInUp&quot;}\" data-widget_type=\"text-editor.default\">\n\t\t\t\t<div class=\"elementor-widget-container\">\n\t\t\t<style>\/*! elementor - v3.18.0 - 20-12-2023 *\/\n.elementor-widget-text-editor.elementor-drop-cap-view-stacked .elementor-drop-cap{background-color:#69727d;color:#fff}.elementor-widget-text-editor.elementor-drop-cap-view-framed .elementor-drop-cap{color:#69727d;border:3px solid;background-color:transparent}.elementor-widget-text-editor:not(.elementor-drop-cap-view-default) .elementor-drop-cap{margin-top:8px}.elementor-widget-text-editor:not(.elementor-drop-cap-view-default) .elementor-drop-cap-letter{width:1em;height:1em}.elementor-widget-text-editor .elementor-drop-cap{float:left;text-align:center;line-height:1;font-size:50px}.elementor-widget-text-editor .elementor-drop-cap-letter{display:inline-block}<\/style>\t\t\t\t<p>Vous trouverez ci-dessous une liste des questions les plus fr\u00e9quemment pos\u00e9es par nos h\u00f4tes.<\/p>\t\t\t\t\t\t<\/div>\n\t\t\t\t<\/div>\n\t\t\t\t\t<\/div>\n\t\t<\/div>\n\t\t\t\t\t\t\t<\/div>\n\t\t<\/section>\n\t\t\t\t<section class=\"elementor-section elementor-top-section elementor-element elementor-element-b184647 elementor-section-gap-beside-no elementor-section-boxed elementor-section-height-default elementor-section-height-default elementor-section-column-vertical-align-stretch\" data-id=\"b184647\" data-element_type=\"section\">\n\t\t\t\t\t\t<div class=\"elementor-container elementor-column-gap-extended\">\n\t\t\t\t\t<div class=\"elementor-column elementor-col-50 elementor-top-column elementor-element elementor-element-1d49749\" data-id=\"1d49749\" data-element_type=\"column\">\n\t\t\t<div class=\"elementor-widget-wrap elementor-element-populated\">\n\t\t\t\t\t\t\t\t<div class=\"elementor-element elementor-element-b986a9e elementor-invisible elementor-widget elementor-widget-nuss-heading\" data-id=\"b986a9e\" data-element_type=\"widget\" data-settings=\"{&quot;_animation&quot;:&quot;nussFadeInUp&quot;}\" data-widget_type=\"nuss-heading.default\">\n\t\t\t\t<div class=\"elementor-widget-container\">\n\t\t\t\t\t<div class=\"nuss-modern-heading\">\n\t\t\t\n\t\t\t\t\t<div class=\"heading-primary-wrap\">\n\t\t\t<h4 class=\"heading-primary elementor-heading-title\">FAQ'S<\/h4>\t\t<\/div>\n\t\t\n\t\t\t\t\t<div class=\"heading-divider-wrap\">\n\t\t\t<div class=\"heading-divider\" style=\"left: 0px;top: 6px\"><\/div>\n\t\t<\/div>\n\t    \n\t\t\t\t\t<\/div>\n\t\t\t\t<\/div>\n\t\t\t\t<\/div>\n\t\t\t\t<div class=\"elementor-element elementor-element-50f0733 elementor-invisible elementor-widget elementor-widget-heading\" data-id=\"50f0733\" data-element_type=\"widget\" data-settings=\"{&quot;_animation&quot;:&quot;nussFadeInUp&quot;}\" data-widget_type=\"heading.default\">\n\t\t\t\t<div class=\"elementor-widget-container\">\n\t\t\t<style>\/*! elementor - v3.18.0 - 20-12-2023 *\/\n.elementor-heading-title{padding:0;margin:0;line-height:1}.elementor-widget-heading .elementor-heading-title[class*=elementor-size-]>a{color:inherit;font-size:inherit;line-height:inherit}.elementor-widget-heading .elementor-heading-title.elementor-size-small{font-size:15px}.elementor-widget-heading .elementor-heading-title.elementor-size-medium{font-size:19px}.elementor-widget-heading .elementor-heading-title.elementor-size-large{font-size:29px}.elementor-widget-heading .elementor-heading-title.elementor-size-xl{font-size:39px}.elementor-widget-heading .elementor-heading-title.elementor-size-xxl{font-size:59px}<\/style><h2 class=\"elementor-heading-title elementor-size-default\">Questions &amp; R\u00e9ponses<\/h2>\t\t<\/div>\n\t\t\t\t<\/div>\n\t\t\t\t<div class=\"elementor-element elementor-element-a865a9f nuss-accordion-style-03 elementor-invisible elementor-widget elementor-widget-nuss-accordion\" data-id=\"a865a9f\" data-element_type=\"widget\" data-settings=\"{&quot;_animation&quot;:&quot;nussFadeInUp&quot;}\" data-widget_type=\"nuss-accordion.default\">\n\t\t\t\t<div class=\"elementor-widget-container\">\n\t\t\t\t\t<div class=\"nuss-accordion nuss-accordion-icon-right\">\n\t\t\t\t\t\t\t<div class=\"accordion-section\">\n\t\t\t\t\t<div class=\"accordion-header\">\n\t\t\t\t\t\t<div class=\"accordion-title-wrapper\">\n\t\t\t\t\t\t\t<h4 class=\"accordion-title\">Check-in time?<\/h4>\t\t\t\t\t\t<\/div>\n\t\t\t\t\t\t\t\t\t\t\t\t\t<div class=\"accordion-icons\">\n\t\t\t\t\t\t\t\t<span\n\t\t\t\t\t\t\t\t\tclass=\"accordion-icon opened-icon\"><i class=\"fal fa-angle-down\"><\/i><\/span>\n\t\t\t\t\t\t\t\t<span\n\t\t\t\t\t\t\t\t\tclass=\"accordion-icon closed-icon\"><i class=\"fal fa-angle-up\"><\/i><\/span>\n\t\t\t\t\t\t\t<\/div>\n\t\t\t\t\t\t\t\t\t\t\t<\/div>\n\t\t\t\t\t<div class=\"accordion-content\">\n\t\t\t\t\t\t<p>As a rough guide, the check-in time is after 12 a.m. Let us know your arrival time in case you schedule and early check in weu2018ll do our best to have your room available.<\/p>\t\t\t\t\t<\/div>\n\t\t\t\t<\/div>\n\t\t\t\t\t\t\t<div class=\"accordion-section\">\n\t\t\t\t\t<div class=\"accordion-header\">\n\t\t\t\t\t\t<div class=\"accordion-title-wrapper\">\n\t\t\t\t\t\t\t<h4 class=\"accordion-title\">Check-out time?<\/h4>\t\t\t\t\t\t<\/div>\n\t\t\t\t\t\t\t\t\t\t\t\t\t<div class=\"accordion-icons\">\n\t\t\t\t\t\t\t\t<span\n\t\t\t\t\t\t\t\t\tclass=\"accordion-icon opened-icon\"><i class=\"fal fa-angle-down\"><\/i><\/span>\n\t\t\t\t\t\t\t\t<span\n\t\t\t\t\t\t\t\t\tclass=\"accordion-icon closed-icon\"><i class=\"fal fa-angle-up\"><\/i><\/span>\n\t\t\t\t\t\t\t<\/div>\n\t\t\t\t\t\t\t\t\t\t\t<\/div>\n\t\t\t\t\t<div class=\"accordion-content\">\n\t\t\t\t\t\t<p>As a rough guide, the check-out time is before 12pm. If you plan a late check out kindly let us know your departure time, weu2019ll our best to satisfy your needs.<\/p>\t\t\t\t\t<\/div>\n\t\t\t\t<\/div>\n\t\t\t\t\t\t\t<div class=\"accordion-section\">\n\t\t\t\t\t<div class=\"accordion-header\">\n\t\t\t\t\t\t<div class=\"accordion-title-wrapper\">\n\t\t\t\t\t\t\t<h4 class=\"accordion-title\">Is Reception open 24 hours?<\/h4>\t\t\t\t\t\t<\/div>\n\t\t\t\t\t\t\t\t\t\t\t\t\t<div class=\"accordion-icons\">\n\t\t\t\t\t\t\t\t<span\n\t\t\t\t\t\t\t\t\tclass=\"accordion-icon opened-icon\"><i class=\"fal fa-angle-down\"><\/i><\/span>\n\t\t\t\t\t\t\t\t<span\n\t\t\t\t\t\t\t\t\tclass=\"accordion-icon closed-icon\"><i class=\"fal fa-angle-up\"><\/i><\/span>\n\t\t\t\t\t\t\t<\/div>\n\t\t\t\t\t\t\t\t\t\t\t<\/div>\n\t\t\t\t\t<div class=\"accordion-content\">\n\t\t\t\t\t\t<p>Yes, Reception service is available 24 hours.<\/p>\t\t\t\t\t<\/div>\n\t\t\t\t<\/div>\n\t\t\t\t\t\t\t<div class=\"accordion-section\">\n\t\t\t\t\t<div class=\"accordion-header\">\n\t\t\t\t\t\t<div class=\"accordion-title-wrapper\">\n\t\t\t\t\t\t\t<h4 class=\"accordion-title\">Which languages are spoken at Reception?<\/h4>\t\t\t\t\t\t<\/div>\n\t\t\t\t\t\t\t\t\t\t\t\t\t<div class=\"accordion-icons\">\n\t\t\t\t\t\t\t\t<span\n\t\t\t\t\t\t\t\t\tclass=\"accordion-icon opened-icon\"><i class=\"fal fa-angle-down\"><\/i><\/span>\n\t\t\t\t\t\t\t\t<span\n\t\t\t\t\t\t\t\t\tclass=\"accordion-icon closed-icon\"><i class=\"fal fa-angle-up\"><\/i><\/span>\n\t\t\t\t\t\t\t<\/div>\n\t\t\t\t\t\t\t\t\t\t\t<\/div>\n\t\t\t\t\t<div class=\"accordion-content\">\n\t\t\t\t\t\t<p>Italian, English, French, German and Spanish.<\/p>\t\t\t\t\t<\/div>\n\t\t\t\t<\/div>\n\t\t\t\t\t\t\t<div class=\"accordion-section\">\n\t\t\t\t\t<div class=\"accordion-header\">\n\t\t\t\t\t\t<div class=\"accordion-title-wrapper\">\n\t\t\t\t\t\t\t<h4 class=\"accordion-title\">Can I leave my luggage?<\/h4>\t\t\t\t\t\t<\/div>\n\t\t\t\t\t\t\t\t\t\t\t\t\t<div class=\"accordion-icons\">\n\t\t\t\t\t\t\t\t<span\n\t\t\t\t\t\t\t\t\tclass=\"accordion-icon opened-icon\"><i class=\"fal fa-angle-down\"><\/i><\/span>\n\t\t\t\t\t\t\t\t<span\n\t\t\t\t\t\t\t\t\tclass=\"accordion-icon closed-icon\"><i class=\"fal fa-angle-up\"><\/i><\/span>\n\t\t\t\t\t\t\t<\/div>\n\t\t\t\t\t\t\t\t\t\t\t<\/div>\n\t\t\t\t\t<div class=\"accordion-content\">\n\t\t\t\t\t\t<p>Yes, we can look after your luggage. If at check in your room is not ready yet or in case of early check out after .We will store your luggage free of charge on your check-in and check-out days.<\/p>\t\t\t\t\t<\/div>\n\t\t\t\t<\/div>\n\t\t\t\t\t\t\t<div class=\"accordion-section\">\n\t\t\t\t\t<div class=\"accordion-header\">\n\t\t\t\t\t\t<div class=\"accordion-title-wrapper\">\n\t\t\t\t\t\t\t<h4 class=\"accordion-title\">Internet connection?<\/h4>\t\t\t\t\t\t<\/div>\n\t\t\t\t\t\t\t\t\t\t\t\t\t<div class=\"accordion-icons\">\n\t\t\t\t\t\t\t\t<span\n\t\t\t\t\t\t\t\t\tclass=\"accordion-icon opened-icon\"><i class=\"fal fa-angle-down\"><\/i><\/span>\n\t\t\t\t\t\t\t\t<span\n\t\t\t\t\t\t\t\t\tclass=\"accordion-icon closed-icon\"><i class=\"fal fa-angle-up\"><\/i><\/span>\n\t\t\t\t\t\t\t<\/div>\n\t\t\t\t\t\t\t\t\t\t\t<\/div>\n\t\t\t\t\t<div class=\"accordion-content\">\n\t\t\t\t\t\t<p>A wireless internet connection is available throughout the hotel.<br \/>The guest rooms feature hi-speed web connectivity (both wireless and cabled).<\/p>\t\t\t\t\t<\/div>\n\t\t\t\t<\/div>\n\t\t\t\t\t\t\t<div class=\"accordion-section\">\n\t\t\t\t\t<div class=\"accordion-header\">\n\t\t\t\t\t\t<div class=\"accordion-title-wrapper\">\n\t\t\t\t\t\t\t<h4 class=\"accordion-title\">Which is the nearest airport?<\/h4>\t\t\t\t\t\t<\/div>\n\t\t\t\t\t\t\t\t\t\t\t\t\t<div class=\"accordion-icons\">\n\t\t\t\t\t\t\t\t<span\n\t\t\t\t\t\t\t\t\tclass=\"accordion-icon opened-icon\"><i class=\"fal fa-angle-down\"><\/i><\/span>\n\t\t\t\t\t\t\t\t<span\n\t\t\t\t\t\t\t\t\tclass=\"accordion-icon closed-icon\"><i class=\"fal fa-angle-up\"><\/i><\/span>\n\t\t\t\t\t\t\t<\/div>\n\t\t\t\t\t\t\t\t\t\t\t<\/div>\n\t\t\t\t\t<div class=\"accordion-content\">\n\t\t\t\t\t\t<p>The nearest airport is Cuneo Levaldigi which is located around 40 km away.<\/p>\t\t\t\t\t<\/div>\n\t\t\t\t<\/div>\n\t\t\t\t\t<\/div>\n\t\t\t\t<\/div>\n\t\t\t\t<\/div>\n\t\t\t\t\t<\/div>\n\t\t<\/div>\n\t\t\t\t<div class=\"elementor-column elementor-col-50 elementor-top-column elementor-element elementor-element-1284d57\" data-id=\"1284d57\" data-element_type=\"column\">\n\t\t\t<div class=\"elementor-widget-wrap elementor-element-populated\">\n\t\t\t\t\t\t\t\t<div class=\"elementor-element elementor-element-590768a elementor-invisible nuss-elementor-loading nuss-slide-in-left elementor-widget elementor-widget-image\" data-id=\"590768a\" data-element_type=\"widget\" data-settings=\"{&quot;_animation&quot;:&quot;nussSlideInLeft&quot;}\" data-widget_type=\"image.default\">\n\t\t\t\t<div class=\"elementor-widget-container\">\n\t\t\t<style>\/*! elementor - v3.18.0 - 20-12-2023 *\/\n.elementor-widget-image{text-align:center}.elementor-widget-image a{display:inline-block}.elementor-widget-image a img[src$=\".svg\"]{width:48px}.elementor-widget-image img{vertical-align:middle;display:inline-block}<\/style>\t\t\t\t\t\t\t\t\t\t\t\t<img fetchpriority=\"high\" decoding=\"async\" width=\"1707\" height=\"2560\" src=\"https:\/\/tamarinhotel.com\/wp-content\/uploads\/2024\/07\/IMG_5667-scaled.jpg\" class=\"attachment-full size-full wp-image-5530\" alt=\"\" srcset=\"https:\/\/tamarinhotel.com\/wp-content\/uploads\/2024\/07\/IMG_5667-scaled.jpg 1707w, https:\/\/tamarinhotel.com\/wp-content\/uploads\/2024\/07\/IMG_5667-200x300.jpg 200w, https:\/\/tamarinhotel.com\/wp-content\/uploads\/2024\/07\/IMG_5667-683x1024.jpg 683w, https:\/\/tamarinhotel.com\/wp-content\/uploads\/2024\/07\/IMG_5667-768x1152.jpg 768w, https:\/\/tamarinhotel.com\/wp-content\/uploads\/2024\/07\/IMG_5667-1024x1536.jpg 1024w, https:\/\/tamarinhotel.com\/wp-content\/uploads\/2024\/07\/IMG_5667-1365x2048.jpg 1365w, https:\/\/tamarinhotel.com\/wp-content\/uploads\/2024\/07\/IMG_5667-600x900.jpg 600w\" sizes=\"(max-width: 1707px) 100vw, 1707px\" \/>\t\t\t\t\t\t\t\t\t\t\t\t\t\t\t<\/div>\n\t\t\t\t<\/div>\n\t\t\t\t\t<\/div>\n\t\t<\/div>\n\t\t\t\t\t\t\t<\/div>\n\t\t<\/section>\n\t\t\t\t<section class=\"elementor-section elementor-top-section elementor-element elementor-element-5e260d0 elementor-section-stretched elementor-section-boxed elementor-section-gap-beside-yes elementor-section-height-default elementor-section-height-default elementor-section-column-vertical-align-stretch elementor-invisible nuss-elementor-loading nuss-slide-in-up\" data-id=\"5e260d0\" data-element_type=\"section\" data-settings=\"{&quot;stretch_section&quot;:&quot;section-stretched&quot;,&quot;background_background&quot;:&quot;classic&quot;,&quot;animation&quot;:&quot;nussSlideInUp&quot;}\">\n\t\t\t\t\t\t\t<div class=\"elementor-background-overlay\"><\/div>\n\t\t\t\t\t\t\t<div class=\"elementor-container elementor-column-gap-extended\">\n\t\t\t\t\t<div class=\"elementor-column elementor-col-100 elementor-top-column elementor-element elementor-element-dd6316d\" data-id=\"dd6316d\" data-element_type=\"column\">\n\t\t\t<div class=\"elementor-widget-wrap elementor-element-populated\">\n\t\t\t\t\t\t\t\t<div class=\"elementor-element elementor-element-514ab1a elementor-invisible elementor-widget elementor-widget-nuss-heading\" data-id=\"514ab1a\" data-element_type=\"widget\" data-settings=\"{&quot;_animation&quot;:&quot;nussFadeInUp&quot;}\" data-widget_type=\"nuss-heading.default\">\n\t\t\t\t<div class=\"elementor-widget-container\">\n\t\t\t\t\t<div class=\"nuss-modern-heading\">\n\t\t\t\n\t\t\t\t\t<div class=\"heading-primary-wrap\">\n\t\t\t<h3 class=\"heading-primary elementor-heading-title\">Un espace chaleureux, exquis, pratique et urbain.<\/h3>\t\t<\/div>\n\t\t\n\t\t\t\n\t\t\t\t\t<\/div>\n\t\t\t\t<\/div>\n\t\t\t\t<\/div>\n\t\t\t\t<div class=\"elementor-element elementor-element-a72f245 elementor-align-center elementor-invisible elementor-widget elementor-widget-nuss-button\" data-id=\"a72f245\" data-element_type=\"widget\" data-settings=\"{&quot;_animation&quot;:&quot;nussFadeInUp&quot;}\" data-widget_type=\"nuss-button.default\">\n\t\t\t\t<div class=\"elementor-widget-container\">\n\t\t\t\t\t<div class=\"nuss-ele-button-wrapper\">\n\t\t\t<a href=\"https:\/\/tamarinhotel.com\/index.php\/chambres\/\" class=\"nuss-ele-button-link nuss-ele-button style-border nuss-ele-button-nm\" role=\"button\">\n\t\t\t\t\t\t<div class=\"button-content-wrapper\">\n\t\t\t\n\t\t\t\t\t\t\t<span class=\"button-text\">Nos chambres<\/span>\n\t\t\t\n\t\t\t\t\t<\/div>\n\t\t\n\t\t\t\t\t\t\t<\/a>\n\t\t<\/div>\n\t\t\t\t<\/div>\n\t\t\t\t<\/div>\n\t\t\t\t\t<\/div>\n\t\t<\/div>\n\t\t\t\t\t\t\t<\/div>\n\t\t<\/section>\n\t\t\t\t\t\t\t<\/div>\n\t\t","protected":false},"excerpt":{"rendered":"<p>Below, you will find a list of the questions most frequently asked by our guests. FAQ&rsquo;S Questions &amp; Answers Check-in time? As a rough guide, the check-in time is after 12 a.m. Let us know your arrival time in case you schedule and early check in we\u2018ll do our best to have your room available. [&hellip;]<\/p>\n","protected":false},"author":1,"featured_media":0,"parent":0,"menu_order":0,"comment_status":"closed","ping_status":"closed","template":"elementor_header_footer","meta":{"footnotes":""},"class_list":["post-2105","page","type-page","status-publish","hentry","post-no-thumbnail"],"aioseo_notices":[],"_links":{"self":[{"href":"https:\/\/tamarinhotel.com\/wp-json\/wp\/v2\/pages\/2105","targetHints":{"allow":["GET"]}}],"collection":[{"href":"https:\/\/tamarinhotel.com\/wp-json\/wp\/v2\/pages"}],"about":[{"href":"https:\/\/tamarinhotel.com\/wp-json\/wp\/v2\/types\/page"}],"author":[{"embeddable":true,"href":"https:\/\/tamarinhotel.com\/wp-json\/wp\/v2\/users\/1"}],"replies":[{"embeddable":true,"href":"https:\/\/tamarinhotel.com\/wp-json\/wp\/v2\/comments?post=2105"}],"version-history":[{"count":0,"href":"https:\/\/tamarinhotel.com\/wp-json\/wp\/v2\/pages\/2105\/revisions"}],"wp:attachment":[{"href":"https:\/\/tamarinhotel.com\/wp-json\/wp\/v2\/media?parent=2105"}],"curies":[{"name":"wp","href":"https:\/\/api.w.org\/{rel}","templated":true}]}}